{"id":499,"date":"2017-05-23T18:50:31","date_gmt":"2017-05-23T18:50:31","guid":{"rendered":"https:\/\/kurdi.saredariyenrojava.com\/?page_id=499"},"modified":"2017-10-23T08:51:41","modified_gmt":"2017-10-23T08:51:41","slug":"pesniyarek-u-giliyen","status":"publish","type":"page","link":"https:\/\/kurdi.saredariyenrojava.com\/?page_id=499","title":{"rendered":"P\u00ea\u015fniyarek \u00fb giliy\u00ean"},"content":{"rendered":"<h2 style=\"text-align: center;\">Ji bo p\u00ea\u015fniyaran z\u00eadetir \u00fb ji bo gil\u00ee \u00fb welatiyan , ji kerema xwe ve hejmar\u00ean j\u00ear\u00een dib\u00eajin:<\/h2>\n<h2 style=\"text-align: center;\">425 114<\/h2>\n<h2 style=\"text-align: center;\">430 787<\/h2>\n<h2 style=\"text-align: center;\">E-mail<\/h2>\n<h2 style=\"text-align: center;\">info@saredariyenrojava.com<\/h2>\n","protected":false},"excerpt":{"rendered":"<p>Ji bo p\u00ea\u015fniyaran z\u00eadetir \u00fb ji bo gil\u00ee \u00fb welatiyan , ji kerema xwe ve hejmar\u00ean j\u00ear\u00een dib\u00eajin: 425 114 430 787 E-mail info@saredariyenrojava.com<\/p>\n","protected":false},"author":1,"featured_media":0,"parent":0,"menu_order":0,"comment_status":"closed","ping_status":"closed","template":"","meta":{"footnotes":""},"class_list":["post-499","page","type-page","status-publish","hentry"],"yoast_head":"<!-- This site is optimized with the Yoast SEO plugin v27.2 - https:\/\/yoast.com\/product\/yoast-seo-wordpress\/ -->\n<title>P\u00ea\u015fniyarek \u00fb giliy\u00ean - SaredariyenRojAva<\/title>\n<meta name=\"robots\" content=\"index, follow, max-snippet:-1, max-image-preview:large, max-video-preview:-1\" \/>\n<link rel=\"canonical\" href=\"https:\/\/kurdi.saredariyenrojava.com\/?page_id=499\" \/>\n<meta property=\"og:locale\" content=\"en_US\" \/>\n<meta property=\"og:type\" content=\"article\" \/>\n<meta property=\"og:title\" content=\"P\u00ea\u015fniyarek \u00fb giliy\u00ean - SaredariyenRojAva\" \/>\n<meta property=\"og:description\" content=\"Ji bo p\u00ea\u015fniyaran z\u00eadetir \u00fb ji bo gil\u00ee \u00fb welatiyan , ji kerema xwe ve hejmar\u00ean j\u00ear\u00een dib\u00eajin: 425 114 430 787 E-mail info@saredariyenrojava.com\" \/>\n<meta property=\"og:url\" content=\"https:\/\/kurdi.saredariyenrojava.com\/?page_id=499\" \/>\n<meta property=\"og:site_name\" content=\"SaredariyenRojAva\" \/>\n<meta property=\"article:publisher\" content=\"https:\/\/www.facebook.com\/saredariyenrojava\" \/>\n<meta property=\"article:modified_time\" content=\"2017-10-23T08:51:41+00:00\" \/>\n<meta name=\"twitter:card\" content=\"summary_large_image\" \/>\n<meta name=\"twitter:site\" content=\"@saredariyenroja\" \/>\n<script type=\"application\/ld+json\" class=\"yoast-schema-graph\">{\"@context\":\"https:\/\/schema.org\",\"@graph\":[{\"@type\":\"WebPage\",\"@id\":\"https:\/\/kurdi.saredariyenrojava.com\/?page_id=499\",\"url\":\"https:\/\/kurdi.saredariyenrojava.com\/?page_id=499\",\"name\":\"P\u00ea\u015fniyarek \u00fb giliy\u00ean - SaredariyenRojAva\",\"isPartOf\":{\"@id\":\"https:\/\/kurdi.saredariyenrojava.com\/#website\"},\"datePublished\":\"2017-05-23T18:50:31+00:00\",\"dateModified\":\"2017-10-23T08:51:41+00:00\",\"breadcrumb\":{\"@id\":\"https:\/\/kurdi.saredariyenrojava.com\/?page_id=499#breadcrumb\"},\"inLanguage\":\"en-US\",\"potentialAction\":[{\"@type\":\"ReadAction\",\"target\":[\"https:\/\/kurdi.saredariyenrojava.com\/?page_id=499\"]}]},{\"@type\":\"BreadcrumbList\",\"@id\":\"https:\/\/kurdi.saredariyenrojava.com\/?page_id=499#breadcrumb\",\"itemListElement\":[{\"@type\":\"ListItem\",\"position\":1,\"name\":\"Home\",\"item\":\"https:\/\/kurdi.saredariyenrojava.com\/\"},{\"@type\":\"ListItem\",\"position\":2,\"name\":\"P\u00ea\u015fniyarek \u00fb giliy\u00ean\"}]},{\"@type\":\"WebSite\",\"@id\":\"https:\/\/kurdi.saredariyenrojava.com\/#website\",\"url\":\"https:\/\/kurdi.saredariyenrojava.com\/\",\"name\":\"SaredariyenRojAva\",\"description\":\"SaredariyenRojAva\",\"potentialAction\":[{\"@type\":\"SearchAction\",\"target\":{\"@type\":\"EntryPoint\",\"urlTemplate\":\"https:\/\/kurdi.saredariyenrojava.com\/?s={search_term_string}\"},\"query-input\":{\"@type\":\"PropertyValueSpecification\",\"valueRequired\":true,\"valueName\":\"search_term_string\"}}],\"inLanguage\":\"en-US\"}]}<\/script>\n<!-- \/ Yoast SEO plugin. -->","yoast_head_json":{"title":"P\u00ea\u015fniyarek \u00fb giliy\u00ean - SaredariyenRojAva","robots":{"index":"index","follow":"follow","max-snippet":"max-snippet:-1","max-image-preview":"max-image-preview:large","max-video-preview":"max-video-preview:-1"},"canonical":"https:\/\/kurdi.saredariyenrojava.com\/?page_id=499","og_locale":"en_US","og_type":"article","og_title":"P\u00ea\u015fniyarek \u00fb giliy\u00ean - SaredariyenRojAva","og_description":"Ji bo p\u00ea\u015fniyaran z\u00eadetir \u00fb ji bo gil\u00ee \u00fb welatiyan , ji kerema xwe ve hejmar\u00ean j\u00ear\u00een dib\u00eajin: 425 114 430 787 E-mail info@saredariyenrojava.com","og_url":"https:\/\/kurdi.saredariyenrojava.com\/?page_id=499","og_site_name":"SaredariyenRojAva","article_publisher":"https:\/\/www.facebook.com\/saredariyenrojava","article_modified_time":"2017-10-23T08:51:41+00:00","twitter_card":"summary_large_image","twitter_site":"@saredariyenroja","schema":{"@context":"https:\/\/schema.org","@graph":[{"@type":"WebPage","@id":"https:\/\/kurdi.saredariyenrojava.com\/?page_id=499","url":"https:\/\/kurdi.saredariyenrojava.com\/?page_id=499","name":"P\u00ea\u015fniyarek \u00fb giliy\u00ean - SaredariyenRojAva","isPartOf":{"@id":"https:\/\/kurdi.saredariyenrojava.com\/#website"},"datePublished":"2017-05-23T18:50:31+00:00","dateModified":"2017-10-23T08:51:41+00:00","breadcrumb":{"@id":"https:\/\/kurdi.saredariyenrojava.com\/?page_id=499#breadcrumb"},"inLanguage":"en-US","potentialAction":[{"@type":"ReadAction","target":["https:\/\/kurdi.saredariyenrojava.com\/?page_id=499"]}]},{"@type":"BreadcrumbList","@id":"https:\/\/kurdi.saredariyenrojava.com\/?page_id=499#breadcrumb","itemListElement":[{"@type":"ListItem","position":1,"name":"Home","item":"https:\/\/kurdi.saredariyenrojava.com\/"},{"@type":"ListItem","position":2,"name":"P\u00ea\u015fniyarek \u00fb giliy\u00ean"}]},{"@type":"WebSite","@id":"https:\/\/kurdi.saredariyenrojava.com\/#website","url":"https:\/\/kurdi.saredariyenrojava.com\/","name":"SaredariyenRojAva","description":"SaredariyenRojAva","potentialAction":[{"@type":"SearchAction","target":{"@type":"EntryPoint","urlTemplate":"https:\/\/kurdi.saredariyenrojava.com\/?s={search_term_string}"},"query-input":{"@type":"PropertyValueSpecification","valueRequired":true,"valueName":"search_term_string"}}],"inLanguage":"en-US"}]}},"_links":{"self":[{"href":"https:\/\/kurdi.saredariyenrojava.com\/index.php?rest_route=\/wp\/v2\/pages\/499","targetHints":{"allow":["GET"]}}],"collection":[{"href":"https:\/\/kurdi.saredariyenrojava.com\/index.php?rest_route=\/wp\/v2\/pages"}],"about":[{"href":"https:\/\/kurdi.saredariyenrojava.com\/index.php?rest_route=\/wp\/v2\/types\/page"}],"author":[{"embeddable":true,"href":"https:\/\/kurdi.saredariyenrojava.com\/index.php?rest_route=\/wp\/v2\/users\/1"}],"replies":[{"embeddable":true,"href":"https:\/\/kurdi.saredariyenrojava.com\/index.php?rest_route=%2Fwp%2Fv2%2Fcomments&post=499"}],"version-history":[{"count":3,"href":"https:\/\/kurdi.saredariyenrojava.com\/index.php?rest_route=\/wp\/v2\/pages\/499\/revisions"}],"predecessor-version":[{"id":984,"href":"https:\/\/kurdi.saredariyenrojava.com\/index.php?rest_route=\/wp\/v2\/pages\/499\/revisions\/984"}],"wp:attachment":[{"href":"https:\/\/kurdi.saredariyenrojava.com\/index.php?rest_route=%2Fwp%2Fv2%2Fmedia&parent=499"}],"curies":[{"name":"wp","href":"https:\/\/api.w.org\/{rel}","templated":true}]}}